{"id":154,"date":"2021-06-06T19:58:05","date_gmt":"2021-06-06T17:58:05","guid":{"rendered":"https:\/\/fides-consulting.fr\/?page_id=154"},"modified":"2021-06-17T15:36:06","modified_gmt":"2021-06-17T13:36:06","slug":"home","status":"publish","type":"page","link":"https:\/\/fides-consulting.fr\/","title":{"rendered":"Home"},"content":{"rendered":"\n<h1 class=\"has-text-align-center\">La s\u00e9curit\u00e9 informatique \u00e7a se gagne&#8230;Ensemble !<\/h1>\n\n\n\n<h2 class=\"has-text-align-center\"><span class=\"has-inline-color has-vivid-red-color\">Bient\u00f4t en ligne pour r\u00e9pondre \u00e0 vos besoins<\/span><\/h2>\n\n\n<div id=\"metaslider-id-318\" style=\"width: 100%;\" class=\"ml-slider-3-20-3 metaslider metaslider-flex metaslider-318 ml-slider\">\n    <div id=\"metaslider_container_318\">\n        <div id=\"metaslider_318\">\n            <ul aria-live=\"polite\" class=\"slides\">\n                <li style=\"display: block; width: 100%;\" class=\"slide-319 ms-image\"><img src=\"https:\/\/fides-consulting.fr\/wp-content\/uploads\/2021\/06\/EZA_Pyram_Ebios-1000x450.jpg\" height=\"450\" width=\"1000\" alt=\"\" class=\"slider-318 slide-319\" title=\"EZA_Pyram_Ebios\" \/><\/li>\n                <li style=\"display: none; width: 100%;\" class=\"slide-321 ms-image\"><img src=\"https:\/\/fides-consulting.fr\/wp-content\/uploads\/2021\/06\/Header-333x150.jpg\" height=\"450\" width=\"1000\" alt=\"\" class=\"slider-318 slide-321\" title=\"Header\" \/><\/li>\n                <li style=\"display: none; width: 100%;\" class=\"slide-322 ms-image\"><img src=\"https:\/\/fides-consulting.fr\/wp-content\/uploads\/2020\/07\/cropped-cropped-Logo-2-512x230.jpg\" height=\"450\" width=\"1000\" alt=\"\" class=\"slider-318 slide-322\" title=\"cropped-cropped-Logo-2.jpg\" \/><\/li>\n            <\/ul>\n        <\/div>\n        \n    <\/div>\n<\/div>\n\n\n\n<ul><li>Paragraphe tes, explications etc&#8230;..<\/li><li>liste de d&#8217;information<\/li><li>Pour g\u00e9nerer le conenu<\/li><\/ul>\n","protected":false},"excerpt":{"rendered":"<p>La s\u00e9curit\u00e9 informatique \u00e7a se gagne&#8230;Ensemble ! Bient\u00f4t en ligne pour r\u00e9pondre \u00e0 vos besoins Paragraphe tes, explications etc&#8230;.. liste de d&#8217;information Pour g\u00e9nerer le conenu<\/p>\n","protected":false},"author":1,"featured_media":0,"parent":0,"menu_order":0,"comment_status":"closed","ping_status":"closed","template":"","meta":[],"_links":{"self":[{"href":"https:\/\/fides-consulting.fr\/index.php?rest_route=\/wp\/v2\/pages\/154"}],"collection":[{"href":"https:\/\/fides-consulting.fr\/index.php?rest_route=\/wp\/v2\/pages"}],"about":[{"href":"https:\/\/fides-consulting.fr\/index.php?rest_route=\/wp\/v2\/types\/page"}],"author":[{"embeddable":true,"href":"https:\/\/fides-consulting.fr\/index.php?rest_route=\/wp\/v2\/users\/1"}],"replies":[{"embeddable":true,"href":"https:\/\/fides-consulting.fr\/index.php?rest_route=%2Fwp%2Fv2%2Fcomments&post=154"}],"version-history":[{"count":7,"href":"https:\/\/fides-consulting.fr\/index.php?rest_route=\/wp\/v2\/pages\/154\/revisions"}],"predecessor-version":[{"id":329,"href":"https:\/\/fides-consulting.fr\/index.php?rest_route=\/wp\/v2\/pages\/154\/revisions\/329"}],"wp:attachment":[{"href":"https:\/\/fides-consulting.fr\/index.php?rest_route=%2Fwp%2Fv2%2Fmedia&parent=154"}],"curies":[{"name":"wp","href":"https:\/\/api.w.org\/{rel}","templated":true}]}}